{"id":251,"date":"2021-03-03T02:31:44","date_gmt":"2021-03-03T02:31:44","guid":{"rendered":"https:\/\/fenixtraps.com\/?page_id=251"},"modified":"2021-03-16T20:41:36","modified_gmt":"2021-03-16T20:41:36","slug":"para-aplicaciones-de-proceso","status":"publish","type":"page","link":"https:\/\/fenixtraps.com\/esp\/para-aplicaciones-de-proceso\/","title":{"rendered":"Para aplicaciones de proceso"},"content":{"rendered":"<p>\n\t\t\t<!-- START productostitle REVOLUTION SLIDER 6.3.9 --><p class=\"rs-p-wp-fix\"><\/p>\n\t\t\t<rs-module-wrap id=\"rev_slider_11_1_wrapper\" data-source=\"gallery\" style=\"background:transparent;padding:0;margin:0px auto;margin-top:0;margin-bottom:0;\">\n\t\t\t\t<rs-module id=\"rev_slider_11_1\" style=\"\" data-version=\"6.3.9\">\n\t\t\t\t\t<rs-slides>\n\t\t\t\t\t\t<rs-slide data-key=\"rs-13\" data-title=\"Slide\" data-anim=\"ei:d;eo:d;s:1000;r:0;t:fade;sl:0;\">\n\t\t\t\t\t\t\t<img src=\"\/\/fenixtraps.com\/wp-content\/uploads\/2021\/02\/fondogris.jpg\" title=\"fondogris\" width=\"1920\" height=\"904\" data-bg=\"p:center bottom;\" class=\"rev-slidebg\" data-no-retina>\n<!--\n\t\t\t\t\t\t\t--><rs-layer\n\t\t\t\t\t\t\t\tid=\"slider-11-slide-13-layer-0\" \n\t\t\t\t\t\t\t\tdata-type=\"text\"\n\t\t\t\t\t\t\t\tdata-color=\"#000000\"\n\t\t\t\t\t\t\t\tdata-rsp_ch=\"on\"\n\t\t\t\t\t\t\t\tdata-xy=\"x:c;y:m;\"\n\t\t\t\t\t\t\t\tdata-text=\"w:normal;s:49,49,49,30;l:61,61,61,25;fw:900;\"\n\t\t\t\t\t\t\t\tdata-frame_999=\"o:0;st:w;\"\n\t\t\t\t\t\t\t\tstyle=\"z-index:5;font-family:Roboto;\"\n\t\t\t\t\t\t\t>PRODUCTOS \n\t\t\t\t\t\t\t<\/rs-layer><!--\n-->\t\t\t\t\t\t<\/rs-slide>\n\t\t\t\t\t<\/rs-slides>\n\t\t\t\t<\/rs-module>\n\t\t\t\t<script type=\"text\/javascript\">\n\t\t\t\t\tsetREVStartSize({c: 'rev_slider_11_1',rl:[1240,1240,1240,480],el:[300,300,300,200],gw:[1920,1920,1920,480],gh:[300,300,300,200],type:'standard',justify:'',layout:'fullwidth',mh:\"0\"});\n\t\t\t\t\tvar\trevapi11,\n\t\t\t\t\t\ttpj;\n\t\t\t\t\tfunction revinit_revslider111() {\n\t\t\t\t\tjQuery(function() {\n\t\t\t\t\t\ttpj = jQuery;\n\t\t\t\t\t\trevapi11 = tpj(\"#rev_slider_11_1\");\n\t\t\t\t\t\tif(revapi11==undefined || revapi11.revolution == undefined){\n\t\t\t\t\t\t\trevslider_showDoubleJqueryError(\"rev_slider_11_1\");\n\t\t\t\t\t\t}else{\n\t\t\t\t\t\t\trevapi11.revolution({\n\t\t\t\t\t\t\t\tsliderLayout:\"fullwidth\",\n\t\t\t\t\t\t\t\tvisibilityLevels:\"1240,1240,1240,480\",\n\t\t\t\t\t\t\t\tgridwidth:\"1920,1920,1920,480\",\n\t\t\t\t\t\t\t\tgridheight:\"300,300,300,200\",\n\t\t\t\t\t\t\t\tperspective:600,\n\t\t\t\t\t\t\t\tperspectiveType:\"global\",\n\t\t\t\t\t\t\t\teditorheight:\"300,768,960,200\",\n\t\t\t\t\t\t\t\tresponsiveLevels:\"1240,1240,1240,480\",\n\t\t\t\t\t\t\t\tprogressBar:{disableProgressBar:true},\n\t\t\t\t\t\t\t\tnavigation: {\n\t\t\t\t\t\t\t\t\tonHoverStop:false\n\t\t\t\t\t\t\t\t},\n\t\t\t\t\t\t\t\tfallbacks: {\n\t\t\t\t\t\t\t\t\tallowHTML5AutoPlayOnAndroid:true\n\t\t\t\t\t\t\t\t},\n\t\t\t\t\t\t\t});\n\t\t\t\t\t\t}\n\t\t\t\t\t\t\n\t\t\t\t\t});\n\t\t\t\t\t} \/\/ End of RevInitScript\n\t\t\t\tvar once_revslider111 = false;\n\t\t\t\tif (document.readyState === \"loading\") {document.addEventListener('readystatechange',function() { if((document.readyState === \"interactive\" || document.readyState === \"complete\") && !once_revslider111 ) { once_revslider111 = true; revinit_revslider111();}});} else {once_revslider111 = true; revinit_revslider111();}\n\t\t\t\t<\/script>\n\t\t\t<\/rs-module-wrap>\n\t\t\t<!-- END REVOLUTION SLIDER -->\n\n\t\t\t<!-- START Aplicaciones de proceso REVOLUTION SLIDER 6.3.9 --><p class=\"rs-p-wp-fix\"><\/p>\n\t\t\t<rs-module-wrap id=\"rev_slider_20_2_wrapper\" data-source=\"gallery\" style=\"background:transparent;padding:0;margin:0px auto;margin-top:0;margin-bottom:0;\">\n\t\t\t\t<rs-module id=\"rev_slider_20_2\" style=\"\" data-version=\"6.3.9\">\n\t\t\t\t\t<rs-slides>\n\t\t\t\t\t\t<rs-slide data-key=\"rs-26\" data-title=\"Slide\" data-anim=\"ei:d;eo:d;s:1000;r:0;t:fade;sl:0;\">\n\t\t\t\t\t\t\t<img src=\"\/\/fenixtraps.com\/esp\/wp-content\/plugins\/revslider\/public\/assets\/assets\/transparent.png\" alt=\"Slide\" title=\"Para aplicaciones de proceso\" data-bg=\"c:#ffffff;\" class=\"rev-slidebg\" data-no-retina>\n<!--\n\t\t\t\t\t\t\t--><rs-layer\n\t\t\t\t\t\t\t\tid=\"slider-20-slide-26-layer-0\" \n\t\t\t\t\t\t\t\tdata-type=\"text\"\n\t\t\t\t\t\t\t\tdata-color=\"#000000\"\n\t\t\t\t\t\t\t\tdata-rsp_ch=\"on\"\n\t\t\t\t\t\t\t\tdata-xy=\"x:c;yo:112px,112px,112px,76px;\"\n\t\t\t\t\t\t\t\tdata-text=\"w:normal;s:25,25,25,18;l:25,25,25,21;fw:900;a:left,left,left,center;\"\n\t\t\t\t\t\t\t\tdata-dim=\"w:1575.3px,1575.3px,1575.3px,387px;\"\n\t\t\t\t\t\t\t\tdata-frame_0=\"x:0,0,0,0px;y:0,0,0,0px;\"\n\t\t\t\t\t\t\t\tdata-frame_1=\"x:0,0,0,0px;y:0,0,0,0px;\"\n\t\t\t\t\t\t\t\tdata-frame_999=\"o:0;st:w;\"\n\t\t\t\t\t\t\t\tstyle=\"z-index:9;font-family:Roboto;\"\n\t\t\t\t\t\t\t><div class=\"pt-cv-wrapper\"><div class=\"pt-cv-view pt-cv-grid pt-cv-colsys\" id=\"pt-cv-view-46251dc69r\"><div data-id=\"pt-cv-page-1\" class=\"pt-cv-page\" data-cvc=\"3\"><div class=\"col-md-4 col-sm-6 col-xs-12 pt-cv-content-item pt-cv-1-col\"  data-pid=\"141\"><div class='pt-cv-ifield'><a href=\"https:\/\/fenixtraps.com\/esp\/modelo-fl\/\" class=\"_self pt-cv-href-thumbnail pt-cv-thumb-default cvplbd\" target=\"_self\" ><img width=\"300\" height=\"300\" src=\"https:\/\/fenixtraps.com\/esp\/wp-content\/uploads\/2021\/02\/fl-300x300.jpg\" class=\"pt-cv-thumbnail img-none no-lazyload \" alt=\"Modelo FL\" loading=\"lazy\" srcset=\"https:\/\/fenixtraps.com\/esp\/wp-content\/uploads\/2021\/02\/fl-300x300.jpg 300w, https:\/\/fenixtraps.com\/esp\/wp-content\/uploads\/2021\/02\/fl-150x150.jpg 150w, https:\/\/fenixtraps.com\/esp\/wp-content\/uploads\/2021\/02\/fl-768x768.jpg 768w, https:\/\/fenixtraps.com\/esp\/wp-content\/uploads\/2021\/02\/fl-380x380.jpg 380w, https:\/\/fenixtraps.com\/esp\/wp-content\/uploads\/2021\/02\/fl-445x445.jpg 445w, https:\/\/fenixtraps.com\/esp\/wp-content\/uploads\/2021\/02\/fl.jpg 800w\" sizes=\"(max-width: 300px) 100vw, 300px\" \/><\/a>\n<h4 class=\"pt-cv-title\"><a href=\"https:\/\/fenixtraps.com\/esp\/modelo-fl\/\" class=\"_self cvplbd\" target=\"_self\" >Modelo FL<\/a><\/h4>\n<div class=\"pt-cv-content\">Para aplicaciones (Intercambiadores de calor (Tubo y coraza, placas), Reactores\u2026). Longitud de la trampa ajustable para su instalaci\u00f3n especifica. La ...<br \/><a href=\"https:\/\/fenixtraps.com\/esp\/modelo-fl\/\" class=\"_self pt-cv-readmore btn btn-success cvplbd\" target=\"_self\">Leer M\u00e1s<\/a><\/div><\/div><\/div>\n<div class=\"col-md-4 col-sm-6 col-xs-12 pt-cv-content-item pt-cv-1-col\"  data-pid=\"133\"><div class='pt-cv-ifield'><a href=\"https:\/\/fenixtraps.com\/esp\/modelo-am\/\" class=\"_self pt-cv-href-thumbnail pt-cv-thumb-default cvplbd\" target=\"_self\" ><img width=\"300\" height=\"300\" src=\"https:\/\/fenixtraps.com\/esp\/wp-content\/uploads\/2021\/02\/am-300x300.jpg\" class=\"pt-cv-thumbnail img-none no-lazyload \" alt=\"Modelo AM\" loading=\"lazy\" srcset=\"https:\/\/fenixtraps.com\/esp\/wp-content\/uploads\/2021\/02\/am-300x300.jpg 300w, https:\/\/fenixtraps.com\/esp\/wp-content\/uploads\/2021\/02\/am-150x150.jpg 150w, https:\/\/fenixtraps.com\/esp\/wp-content\/uploads\/2021\/02\/am-768x768.jpg 768w, https:\/\/fenixtraps.com\/esp\/wp-content\/uploads\/2021\/02\/am-380x380.jpg 380w, https:\/\/fenixtraps.com\/esp\/wp-content\/uploads\/2021\/02\/am-445x445.jpg 445w, https:\/\/fenixtraps.com\/esp\/wp-content\/uploads\/2021\/02\/am.jpg 800w\" sizes=\"(max-width: 300px) 100vw, 300px\" \/><\/a>\n<h4 class=\"pt-cv-title\"><a href=\"https:\/\/fenixtraps.com\/esp\/modelo-am\/\" class=\"_self cvplbd\" target=\"_self\" >Modelo AM<\/a><\/h4>\n<div class=\"pt-cv-content\">Para aplicaciones (tanques de almacenamiento, UMA, reactores peque\u00f1os\u2026). Para aplicaciones de baja presi\u00f3n de vapor. Es necesario una tuerca-uni\u00f3n. Conexi\u00f3n: ...<br \/><a href=\"https:\/\/fenixtraps.com\/esp\/modelo-am\/\" class=\"_self pt-cv-readmore btn btn-success cvplbd\" target=\"_self\">Leer M\u00e1s<\/a><\/div><\/div><\/div>\n<div class=\"col-md-4 col-sm-6 col-xs-12 pt-cv-content-item pt-cv-1-col\"  data-pid=\"135\"><div class='pt-cv-ifield'><a href=\"https:\/\/fenixtraps.com\/esp\/modelo-ivp\/\" class=\"_self pt-cv-href-thumbnail pt-cv-thumb-default cvplbd\" target=\"_self\" ><img width=\"300\" height=\"300\" src=\"https:\/\/fenixtraps.com\/esp\/wp-content\/uploads\/2021\/02\/ivp-300x300.jpg\" class=\"pt-cv-thumbnail img-none no-lazyload \" alt=\"Modelo  IVP\" loading=\"lazy\" srcset=\"https:\/\/fenixtraps.com\/esp\/wp-content\/uploads\/2021\/02\/ivp-300x300.jpg 300w, https:\/\/fenixtraps.com\/esp\/wp-content\/uploads\/2021\/02\/ivp-150x150.jpg 150w, https:\/\/fenixtraps.com\/esp\/wp-content\/uploads\/2021\/02\/ivp-768x768.jpg 768w, https:\/\/fenixtraps.com\/esp\/wp-content\/uploads\/2021\/02\/ivp-380x380.jpg 380w, https:\/\/fenixtraps.com\/esp\/wp-content\/uploads\/2021\/02\/ivp-445x445.jpg 445w, https:\/\/fenixtraps.com\/esp\/wp-content\/uploads\/2021\/02\/ivp.jpg 800w\" sizes=\"(max-width: 300px) 100vw, 300px\" \/><\/a>\n<h4 class=\"pt-cv-title\"><a href=\"https:\/\/fenixtraps.com\/esp\/modelo-ivp\/\" class=\"_self cvplbd\" target=\"_self\" >Modelo  IVP<\/a><\/h4>\n<div class=\"pt-cv-content\">Para aplicaciones (tanques de almacenamiento, UMA, reactores peque\u00f1os\u2026). Para aplicaciones de alta presi\u00f3n de vapor. El dise\u00f1o de la trampa ...<br \/><a href=\"https:\/\/fenixtraps.com\/esp\/modelo-ivp\/\" class=\"_self pt-cv-readmore btn btn-success cvplbd\" target=\"_self\">Leer M\u00e1s<\/a><\/div><\/div><\/div>\n<div class=\"col-md-4 col-sm-6 col-xs-12 pt-cv-content-item pt-cv-1-col\"  data-pid=\"137\"><div class='pt-cv-ifield'><a href=\"https:\/\/fenixtraps.com\/esp\/modelo-vfp\/\" class=\"_self pt-cv-href-thumbnail pt-cv-thumb-default cvplbd\" target=\"_self\" ><img width=\"300\" height=\"300\" src=\"https:\/\/fenixtraps.com\/esp\/wp-content\/uploads\/2021\/02\/vfp-300x300.jpg\" class=\"pt-cv-thumbnail img-none no-lazyload \" alt=\"Modelo VFP\" loading=\"lazy\" srcset=\"https:\/\/fenixtraps.com\/esp\/wp-content\/uploads\/2021\/02\/vfp-300x300.jpg 300w, https:\/\/fenixtraps.com\/esp\/wp-content\/uploads\/2021\/02\/vfp-150x150.jpg 150w, https:\/\/fenixtraps.com\/esp\/wp-content\/uploads\/2021\/02\/vfp-768x768.jpg 768w, https:\/\/fenixtraps.com\/esp\/wp-content\/uploads\/2021\/02\/vfp-380x380.jpg 380w, https:\/\/fenixtraps.com\/esp\/wp-content\/uploads\/2021\/02\/vfp-445x445.jpg 445w, https:\/\/fenixtraps.com\/esp\/wp-content\/uploads\/2021\/02\/vfp.jpg 800w\" sizes=\"(max-width: 300px) 100vw, 300px\" \/><\/a>\n<h4 class=\"pt-cv-title\"><a href=\"https:\/\/fenixtraps.com\/esp\/modelo-vfp\/\" class=\"_self cvplbd\" target=\"_self\" >Modelo VFP<\/a><\/h4>\n<div class=\"pt-cv-content\">Para aplicaciones (tanques de almacenamiento, UMA, reactores peque\u00f1os\u2026). La trampa es dise\u00f1ada con longitud est\u00e1ndar, pero puede adaptarse hasta una ...<br \/><a href=\"https:\/\/fenixtraps.com\/esp\/modelo-vfp\/\" class=\"_self pt-cv-readmore btn btn-success cvplbd\" target=\"_self\">Leer M\u00e1s<\/a><\/div><\/div><\/div>\n<div class=\"col-md-4 col-sm-6 col-xs-12 pt-cv-content-item pt-cv-1-col\"  data-pid=\"139\"><div class='pt-cv-ifield'><a href=\"https:\/\/fenixtraps.com\/esp\/modelo-vp\/\" class=\"_self pt-cv-href-thumbnail pt-cv-thumb-default cvplbd\" target=\"_self\" ><img width=\"300\" height=\"300\" src=\"https:\/\/fenixtraps.com\/esp\/wp-content\/uploads\/2021\/02\/vp-300x300.jpg\" class=\"pt-cv-thumbnail img-none no-lazyload \" alt=\"Modelo VP\" loading=\"lazy\" srcset=\"https:\/\/fenixtraps.com\/esp\/wp-content\/uploads\/2021\/02\/vp-300x300.jpg 300w, https:\/\/fenixtraps.com\/esp\/wp-content\/uploads\/2021\/02\/vp-150x150.jpg 150w, https:\/\/fenixtraps.com\/esp\/wp-content\/uploads\/2021\/02\/vp-768x768.jpg 768w, https:\/\/fenixtraps.com\/esp\/wp-content\/uploads\/2021\/02\/vp-380x380.jpg 380w, https:\/\/fenixtraps.com\/esp\/wp-content\/uploads\/2021\/02\/vp-445x445.jpg 445w, https:\/\/fenixtraps.com\/esp\/wp-content\/uploads\/2021\/02\/vp.jpg 800w\" sizes=\"(max-width: 300px) 100vw, 300px\" \/><\/a>\n<h4 class=\"pt-cv-title\"><a href=\"https:\/\/fenixtraps.com\/esp\/modelo-vp\/\" class=\"_self cvplbd\" target=\"_self\" >Modelo VP<\/a><\/h4>\n<div class=\"pt-cv-content\">La trampa esta dise\u00f1ada para operar en un rango amplio de flujo en casi todos los proceso por su dise\u00f1o ...<br \/><a href=\"https:\/\/fenixtraps.com\/esp\/modelo-vp\/\" class=\"_self pt-cv-readmore btn btn-success cvplbd\" target=\"_self\">Leer M\u00e1s<\/a><\/div><\/div><\/div>\n<div class=\"col-md-4 col-sm-6 col-xs-12 pt-cv-content-item pt-cv-1-col\"  data-pid=\"143\"><div class='pt-cv-ifield'><a href=\"https:\/\/fenixtraps.com\/esp\/modelo-wf\/\" class=\"_self pt-cv-href-thumbnail pt-cv-thumb-default cvplbd\" target=\"_self\" ><img width=\"300\" height=\"300\" src=\"https:\/\/fenixtraps.com\/esp\/wp-content\/uploads\/2021\/02\/wf-300x300.jpg\" class=\"pt-cv-thumbnail img-none no-lazyload \" alt=\"Modelo WF\" loading=\"lazy\" srcset=\"https:\/\/fenixtraps.com\/esp\/wp-content\/uploads\/2021\/02\/wf-300x300.jpg 300w, https:\/\/fenixtraps.com\/esp\/wp-content\/uploads\/2021\/02\/wf-150x150.jpg 150w, https:\/\/fenixtraps.com\/esp\/wp-content\/uploads\/2021\/02\/wf-768x768.jpg 768w, https:\/\/fenixtraps.com\/esp\/wp-content\/uploads\/2021\/02\/wf-380x380.jpg 380w, https:\/\/fenixtraps.com\/esp\/wp-content\/uploads\/2021\/02\/wf-445x445.jpg 445w, https:\/\/fenixtraps.com\/esp\/wp-content\/uploads\/2021\/02\/wf.jpg 800w\" sizes=\"(max-width: 300px) 100vw, 300px\" \/><\/a>\n<h4 class=\"pt-cv-title\"><a href=\"https:\/\/fenixtraps.com\/esp\/modelo-wf\/\" class=\"_self cvplbd\" target=\"_self\" >Modelo WF<\/a><\/h4>\n<div class=\"pt-cv-content\">Esta trampa est\u00e1 pensada para aplicaciones. El dise\u00f1o de la trampa est\u00e1 pensado para ser colocada entre bridas. Tama\u00f1os: \u00bd\u201d ...<br \/><a href=\"https:\/\/fenixtraps.com\/esp\/modelo-wf\/\" class=\"_self pt-cv-readmore btn btn-success cvplbd\" target=\"_self\">Leer M\u00e1s<\/a><\/div><\/div><\/div><\/div><\/div><\/div>\t\t\t<style type=\"text\/css\" id=\"pt-cv-inline-style-0625eb2u7d\">#pt-cv-view-46251dc69r .pt-cv-href-thumbnail  { margin-left: auto !important; margin-right: auto !important; display: block !important; text-align: center !important; clear: both !important; }\n#pt-cv-view-46251dc69r .pt-cv-title a, #pt-cv-view-46251dc69r  .panel-title { font-family: 'Roboto', Arial, serif !important; font-size: 25px !important; line-height: 1.3 !important; font-weight: 600 !important; display: block !important; text-align: center !important; clear: both !important; }\n#pt-cv-view-46251dc69r .pt-cv-content , #pt-cv-view-46251dc69r  .pt-cv-content *:not(.pt-cv-readmore):not(style):not(script) { font-family: 'Roboto', Arial, serif !important; font-size: 20px !important; line-height: 1.3 !important; display: block !important; text-align: center !important; clear: both !important; }\n#pt-cv-view-46251dc69r .pt-cv-carousel-caption  { background-color: rgba(51,51,51,.6) !important; }\n#pt-cv-view-46251dc69r .pt-cv-specialp { background-color: #CC3333 !important }\n#pt-cv-view-46251dc69r .pt-cv-specialp * { color: #fff !important; }\n#pt-cv-view-46251dc69r .pt-cv-pficon  { color: #bbb !important; }\n#pt-cv-view-46251dc69r .pt-cv-readmore  { color: #ffffff !important; background-color: #00aeef !important; }\n#pt-cv-view-46251dc69r .pt-cv-readmore:hover  { color: #ffffff !important; background-color: #00aeef !important; }\n#pt-cv-view-46251dc69r  + .pt-cv-pagination-wrapper .pt-cv-more , #pt-cv-view-46251dc69r  + .pt-cv-pagination-wrapper .pagination .active a { color: #ffffff !important; background-color: #00aeef !important; }<\/style>\r\n\t\t\t<link href='\/\/fonts.googleapis.com\/css?family=Roboto' rel='stylesheet' type='text\/css'> \n\t\t\t\t\t\t\t<\/rs-layer><!--\n\n\t\t\t\t\t\t\t--><rs-layer\n\t\t\t\t\t\t\t\tid=\"slider-20-slide-26-layer-1\" \n\t\t\t\t\t\t\t\tdata-type=\"text\"\n\t\t\t\t\t\t\t\tdata-color=\"#000000\"\n\t\t\t\t\t\t\t\tdata-rsp_ch=\"on\"\n\t\t\t\t\t\t\t\tdata-xy=\"x:l,l,l,c;xo:172px,172px,172px,0;yo:57px,57px,57px,26px;\"\n\t\t\t\t\t\t\t\tdata-text=\"w:normal;s:25;l:25,25,25,20;fw:900;a:left,left,left,center;\"\n\t\t\t\t\t\t\t\tdata-frame_999=\"o:0;st:w;\"\n\t\t\t\t\t\t\t\tstyle=\"z-index:8;font-family:Roboto;text-transform:uppercase;\"\n\t\t\t\t\t\t\t>Aplicaciones de proceso \n\t\t\t\t\t\t\t<\/rs-layer><!--\n-->\t\t\t\t\t\t<\/rs-slide>\n\t\t\t\t\t<\/rs-slides>\n\t\t\t\t<\/rs-module>\n\t\t\t\t<script type=\"text\/javascript\">\n\t\t\t\t\tsetREVStartSize({c: 'rev_slider_20_2',rl:[1240,1240,1240,480],el:[1400,1400,1400,3800],gw:[1920,1920,1920,480],gh:[1400,1400,1400,3800],type:'standard',justify:'',layout:'fullwidth',mh:\"0\"});\n\t\t\t\t\tvar\trevapi20,\n\t\t\t\t\t\ttpj;\n\t\t\t\t\tfunction revinit_revslider202() {\n\t\t\t\t\tjQuery(function() {\n\t\t\t\t\t\ttpj = jQuery;\n\t\t\t\t\t\trevapi20 = tpj(\"#rev_slider_20_2\");\n\t\t\t\t\t\tif(revapi20==undefined || revapi20.revolution == undefined){\n\t\t\t\t\t\t\trevslider_showDoubleJqueryError(\"rev_slider_20_2\");\n\t\t\t\t\t\t}else{\n\t\t\t\t\t\t\trevapi20.revolution({\n\t\t\t\t\t\t\t\tsliderLayout:\"fullwidth\",\n\t\t\t\t\t\t\t\tvisibilityLevels:\"1240,1240,1240,480\",\n\t\t\t\t\t\t\t\tgridwidth:\"1920,1920,1920,480\",\n\t\t\t\t\t\t\t\tgridheight:\"1400,1400,1400,3800\",\n\t\t\t\t\t\t\t\tperspective:600,\n\t\t\t\t\t\t\t\tperspectiveType:\"global\",\n\t\t\t\t\t\t\t\teditorheight:\"1400,768,960,3800\",\n\t\t\t\t\t\t\t\tresponsiveLevels:\"1240,1240,1240,480\",\n\t\t\t\t\t\t\t\tprogressBar:{disableProgressBar:true},\n\t\t\t\t\t\t\t\tnavigation: {\n\t\t\t\t\t\t\t\t\tonHoverStop:false\n\t\t\t\t\t\t\t\t},\n\t\t\t\t\t\t\t\tfallbacks: {\n\t\t\t\t\t\t\t\t\tallowHTML5AutoPlayOnAndroid:true\n\t\t\t\t\t\t\t\t},\n\t\t\t\t\t\t\t});\n\t\t\t\t\t\t}\n\t\t\t\t\t\t\n\t\t\t\t\t});\n\t\t\t\t\t} \/\/ End of RevInitScript\n\t\t\t\tvar once_revslider202 = false;\n\t\t\t\tif (document.readyState === \"loading\") {document.addEventListener('readystatechange',function() { if((document.readyState === \"interactive\" || document.readyState === \"complete\") && !once_revslider202 ) { once_revslider202 = true; revinit_revslider202();}});} else {once_revslider202 = true; revinit_revslider202();}\n\t\t\t\t<\/script>\n\t\t\t<\/rs-module-wrap>\n\t\t\t<!-- END REVOLUTION SLIDER -->\n<\/p>\n","protected":false},"excerpt":{"rendered":"","protected":false},"author":1,"featured_media":0,"parent":0,"menu_order":0,"comment_status":"closed","ping_status":"closed","template":"","meta":[],"_links":{"self":[{"href":"https:\/\/fenixtraps.com\/esp\/wp-json\/wp\/v2\/pages\/251"}],"collection":[{"href":"https:\/\/fenixtraps.com\/esp\/wp-json\/wp\/v2\/pages"}],"about":[{"href":"https:\/\/fenixtraps.com\/esp\/wp-json\/wp\/v2\/types\/page"}],"author":[{"embeddable":true,"href":"https:\/\/fenixtraps.com\/esp\/wp-json\/wp\/v2\/users\/1"}],"replies":[{"embeddable":true,"href":"https:\/\/fenixtraps.com\/esp\/wp-json\/wp\/v2\/comments?post=251"}],"version-history":[{"count":5,"href":"https:\/\/fenixtraps.com\/esp\/wp-json\/wp\/v2\/pages\/251\/revisions"}],"predecessor-version":[{"id":293,"href":"https:\/\/fenixtraps.com\/esp\/wp-json\/wp\/v2\/pages\/251\/revisions\/293"}],"wp:attachment":[{"href":"https:\/\/fenixtraps.com\/esp\/wp-json\/wp\/v2\/media?parent=251"}],"curies":[{"name":"wp","href":"https:\/\/api.w.org\/{rel}","templated":true}]}}