{"id":207,"date":"2021-02-11T22:04:46","date_gmt":"2021-02-11T22:04:46","guid":{"rendered":"https:\/\/fenixtraps.com\/?page_id=207"},"modified":"2021-03-31T15:38:52","modified_gmt":"2021-03-31T15:38:52","slug":"prueba-gratis","status":"publish","type":"page","link":"https:\/\/fenixtraps.com\/esp\/prueba-gratis\/","title":{"rendered":"Prueba gratis"},"content":{"rendered":"<div id=\"pl-207\"  class=\"panel-layout\" ><div id=\"pg-207-0\"  class=\"panel-grid panel-no-style\" ><div id=\"pgc-207-0-0\"  class=\"panel-grid-cell\" ><div id=\"panel-207-0-0-0\" class=\"so-panel widget widget_rev-slider-widget widget_revslider panel-first-child panel-last-child\" data-index=\"0\" >\n\t\t\t<!-- START CONT 1 REVOLUTION SLIDER 6.3.9 --><p class=\"rs-p-wp-fix\"><\/p>\n\t\t\t<rs-module-wrap id=\"rev_slider_18_1_wrapper\" data-source=\"gallery\" style=\"background:transparent;padding:0;margin:0px auto;margin-top:0;margin-bottom:0;\">\n\t\t\t\t<rs-module id=\"rev_slider_18_1\" style=\"\" data-version=\"6.3.9\">\n\t\t\t\t\t<rs-slides>\n\t\t\t\t\t\t<rs-slide data-key=\"rs-24\" data-title=\"Slide\" data-anim=\"ei:d;eo:d;s:1000;r:0;t:fade;sl:0;\">\n\t\t\t\t\t\t\t<img src=\"\/\/fenixtraps.com\/wp-content\/uploads\/2021\/02\/fondogris.jpg\" title=\"fondogris\" width=\"1920\" height=\"904\" data-bg=\"p:center bottom;\" class=\"rev-slidebg\" data-no-retina>\n<!--\n\t\t\t\t\t\t\t--><rs-layer\n\t\t\t\t\t\t\t\tid=\"slider-18-slide-24-layer-0\" \n\t\t\t\t\t\t\t\tdata-type=\"text\"\n\t\t\t\t\t\t\t\tdata-color=\"#000000\"\n\t\t\t\t\t\t\t\tdata-rsp_ch=\"on\"\n\t\t\t\t\t\t\t\tdata-xy=\"x:c;y:m;\"\n\t\t\t\t\t\t\t\tdata-text=\"w:normal;s:49,49,49,32;l:61,61,61,41;fw:900;\"\n\t\t\t\t\t\t\t\tdata-frame_999=\"o:0;st:w;\"\n\t\t\t\t\t\t\t\tstyle=\"z-index:5;font-family:Roboto;text-transform:uppercase;\"\n\t\t\t\t\t\t\t>Muestra Gratis \n\t\t\t\t\t\t\t<\/rs-layer><!--\n-->\t\t\t\t\t\t<\/rs-slide>\n\t\t\t\t\t<\/rs-slides>\n\t\t\t\t<\/rs-module>\n\t\t\t\t<script type=\"text\/javascript\">\n\t\t\t\t\tsetREVStartSize({c: 'rev_slider_18_1',rl:[1240,1240,1240,480],el:[300,300,300,200],gw:[1920,1920,1920,480],gh:[300,300,300,200],type:'standard',justify:'',layout:'fullwidth',mh:\"0\"});\n\t\t\t\t\tvar\trevapi18,\n\t\t\t\t\t\ttpj;\n\t\t\t\t\tfunction revinit_revslider181() {\n\t\t\t\t\tjQuery(function() {\n\t\t\t\t\t\ttpj = jQuery;\n\t\t\t\t\t\trevapi18 = tpj(\"#rev_slider_18_1\");\n\t\t\t\t\t\tif(revapi18==undefined || revapi18.revolution == undefined){\n\t\t\t\t\t\t\trevslider_showDoubleJqueryError(\"rev_slider_18_1\");\n\t\t\t\t\t\t}else{\n\t\t\t\t\t\t\trevapi18.revolution({\n\t\t\t\t\t\t\t\tsliderLayout:\"fullwidth\",\n\t\t\t\t\t\t\t\tvisibilityLevels:\"1240,1240,1240,480\",\n\t\t\t\t\t\t\t\tgridwidth:\"1920,1920,1920,480\",\n\t\t\t\t\t\t\t\tgridheight:\"300,300,300,200\",\n\t\t\t\t\t\t\t\tperspective:600,\n\t\t\t\t\t\t\t\tperspectiveType:\"global\",\n\t\t\t\t\t\t\t\teditorheight:\"300,768,960,200\",\n\t\t\t\t\t\t\t\tresponsiveLevels:\"1240,1240,1240,480\",\n\t\t\t\t\t\t\t\tprogressBar:{disableProgressBar:true},\n\t\t\t\t\t\t\t\tnavigation: {\n\t\t\t\t\t\t\t\t\tonHoverStop:false\n\t\t\t\t\t\t\t\t},\n\t\t\t\t\t\t\t\tfallbacks: {\n\t\t\t\t\t\t\t\t\tallowHTML5AutoPlayOnAndroid:true\n\t\t\t\t\t\t\t\t},\n\t\t\t\t\t\t\t});\n\t\t\t\t\t\t}\n\t\t\t\t\t\t\n\t\t\t\t\t});\n\t\t\t\t\t} \/\/ End of RevInitScript\n\t\t\t\tvar once_revslider181 = false;\n\t\t\t\tif (document.readyState === \"loading\") {document.addEventListener('readystatechange',function() { if((document.readyState === \"interactive\" || document.readyState === \"complete\") && !once_revslider181 ) { once_revslider181 = true; revinit_revslider181();}});} else {once_revslider181 = true; revinit_revslider181();}\n\t\t\t\t<\/script>\n\t\t\t<\/rs-module-wrap>\n\t\t\t<!-- END REVOLUTION SLIDER -->\n<\/div><\/div><\/div><div id=\"pg-207-1\"  class=\"panel-grid panel-no-style\" ><div id=\"pgc-207-1-0\"  class=\"panel-grid-cell\" ><div id=\"panel-207-1-0-0\" class=\"so-panel widget widget_black-studio-tinymce widget_black_studio_tinymce panel-first-child panel-last-child\" data-index=\"1\" ><div class=\"panel-widget-style panel-widget-style-for-207-1-0-0\" ><div class=\"textwidget\"><p><div role=\"form\" class=\"wpcf7\" id=\"wpcf7-f206-o1\" lang=\"es-ES\" dir=\"ltr\">\n<div class=\"screen-reader-response\"><p role=\"status\" aria-live=\"polite\" aria-atomic=\"true\"><\/p> <ul><\/ul><\/div>\n<form action=\"\/esp\/wp-json\/wp\/v2\/pages\/207#wpcf7-f206-o1\" method=\"post\" class=\"wpcf7-form init\" novalidate=\"novalidate\" data-status=\"init\">\n<div style=\"display: none;\">\n<input type=\"hidden\" name=\"_wpcf7\" value=\"206\" \/>\n<input type=\"hidden\" name=\"_wpcf7_version\" value=\"5.3.2\" \/>\n<input type=\"hidden\" name=\"_wpcf7_locale\" value=\"es_ES\" \/>\n<input type=\"hidden\" name=\"_wpcf7_unit_tag\" value=\"wpcf7-f206-o1\" \/>\n<input type=\"hidden\" name=\"_wpcf7_container_post\" value=\"0\" \/>\n<input type=\"hidden\" name=\"_wpcf7_posted_data_hash\" value=\"\" \/>\n<\/div>\n<p><span class=\"wpcf7-form-control-wrap nombredelaempresa\"><input type=\"text\" name=\"nombredelaempresa\" value=\"\" size=\"40\" class=\"wpcf7-form-control wpcf7-text\" aria-invalid=\"false\" placeholder=\"Nombre de la Empresa\" \/><\/span><br \/>\n<span class=\"wpcf7-form-control-wrap Nombrecompleto\"><input type=\"text\" name=\"Nombrecompleto\" value=\"\" size=\"40\" class=\"wpcf7-form-control wpcf7-text wpcf7-validates-as-required\" aria-required=\"true\" aria-invalid=\"false\" placeholder=\"Nombre completo\" \/><\/span><br \/>\n<span class=\"wpcf7-form-control-wrap Posicinlaboral\"><input type=\"text\" name=\"Posicinlaboral\" value=\"\" size=\"40\" class=\"wpcf7-form-control wpcf7-text wpcf7-validates-as-required\" aria-required=\"true\" aria-invalid=\"false\" placeholder=\"Posici\u00f3n laboral\" \/><\/span><br \/>\n<span class=\"wpcf7-form-control-wrap Pas\"><input type=\"text\" name=\"Pas\" value=\"\" size=\"40\" class=\"wpcf7-form-control wpcf7-text wpcf7-validates-as-required\" aria-required=\"true\" aria-invalid=\"false\" placeholder=\"Pa\u00eds\" \/><\/span><br \/>\n<span class=\"wpcf7-form-control-wrap Nmerotelefnico\"><input type=\"tel\" name=\"Nmerotelefnico\" value=\"\" size=\"40\" class=\"wpcf7-form-control wpcf7-text wpcf7-tel wpcf7-validates-as-required wpcf7-validates-as-tel\" aria-required=\"true\" aria-invalid=\"false\" placeholder=\"N\u00famero telef\u00f3nico\" \/><\/span><br \/>\n<span class=\"wpcf7-form-control-wrap Correoelectrnico\"><input type=\"email\" name=\"Correoelectrnico\" value=\"\" size=\"40\" class=\"wpcf7-form-control wpcf7-text wpcf7-email wpcf7-validates-as-required wpcf7-validates-as-email\" aria-required=\"true\" aria-invalid=\"false\" placeholder=\"Correo electr\u00f3nico\" \/><\/span><br \/>\n<span class=\"wpcf7-form-control-wrap Comentarios\"><textarea name=\"Comentarios\" cols=\"40\" rows=\"10\" class=\"wpcf7-form-control wpcf7-textarea\" aria-invalid=\"false\" placeholder=\"Comentarios\"><\/textarea><\/span><\/p>\n<p><input type=\"submit\" value=\"Enviar\" class=\"wpcf7-form-control wpcf7-submit\" \/><\/p>\n<div class=\"wpcf7-response-output\" aria-hidden=\"true\"><\/div><\/form><\/div><\/p>\n<\/div><\/div><\/div><\/div><div id=\"pgc-207-1-1\"  class=\"panel-grid-cell panel-grid-cell-empty\" ><\/div><div id=\"pgc-207-1-2\"  class=\"panel-grid-cell\" ><div id=\"panel-207-1-2-0\" class=\"so-panel widget widget_black-studio-tinymce widget_black_studio_tinymce panel-first-child panel-last-child\" data-index=\"2\" ><div class=\"panel-widget-style panel-widget-style-for-207-1-2-0\" ><div class=\"textwidget\"><p style=\"text-align: justify;\"><span style=\"font-size: 18px;\">La solicitud est\u00e1 limitada a una prueba por planta con un m\u00e1ximo de 10 trampas de vapor. Puede ser necesario una visita a la planta para hacer un levantamiento de las trampas. Dependiendo de la zona geogr\u00e1fica, el levantamiento puede tener costo. La visita necesita ser agendada con la oficina local dependiendo de su disponibilidad.<\/span><\/p>\n<p style=\"text-align: justify;\"><span style=\"font-size: 18px;\">Las trampas ser\u00e1n suministradas en el entendimiento que ser\u00e1n pagadas al finalizar la prueba o regresadas a la oficina local. El costo de envi\u00f3 inicial para la entrega ser\u00e1 cubierto por Fenix Traps. En caso de compra, el cliente necesita realizar el pago seg\u00fan la cotizaci\u00f3n. De lo contrario, el costo de env\u00edo de regreso de las trampas ser\u00e1 pagado por el cliente. Todos los deberes e impuestos de importaci\u00f3n recaen sobre el cliente.<\/span><\/p>\n<p style=\"text-align: justify;\"><span style=\"font-size: 18px;\">El periodo de prueba no puede exceder mas de 3 meses contados desde la recepci\u00f3n de las trampas por parte del cliente. Se debe dar acceso a nuestros representantes para revisar la operaci\u00f3n de las trampas despu\u00e9s de instalarse y la oportunidad de optimizar el rendimiento con las boquillas ajustables.<\/span><\/p>\n<p style=\"text-align: justify;\"><span style=\"font-size: 18px;\">El cliente ser\u00e1 el responsable de la instalaci\u00f3n de las trampas y deber\u00e1 informar a nuestro representante cuando las trampas hayan sido instaladas.<\/span><\/p>\n<p style=\"text-align: justify;\">\n<\/div><\/div><\/div><\/div><\/div><\/div>","protected":false},"excerpt":{"rendered":"<p>La solicitud est\u00e1 limitada a una prueba por planta con un m\u00e1ximo de 10 trampas de vapor. Puede ser necesario una visita a la planta para hacer un levantamiento de las trampas. Dependiendo de la zona geogr\u00e1fica, el levantamiento puede tener costo. La visita necesita ser agendada con la oficina local dependiendo de su disponibilidad&#8230;.<\/p>\n","protected":false},"author":1,"featured_media":0,"parent":0,"menu_order":0,"comment_status":"closed","ping_status":"closed","template":"","meta":[],"_links":{"self":[{"href":"https:\/\/fenixtraps.com\/esp\/wp-json\/wp\/v2\/pages\/207"}],"collection":[{"href":"https:\/\/fenixtraps.com\/esp\/wp-json\/wp\/v2\/pages"}],"about":[{"href":"https:\/\/fenixtraps.com\/esp\/wp-json\/wp\/v2\/types\/page"}],"author":[{"embeddable":true,"href":"https:\/\/fenixtraps.com\/esp\/wp-json\/wp\/v2\/users\/1"}],"replies":[{"embeddable":true,"href":"https:\/\/fenixtraps.com\/esp\/wp-json\/wp\/v2\/comments?post=207"}],"version-history":[{"count":22,"href":"https:\/\/fenixtraps.com\/esp\/wp-json\/wp\/v2\/pages\/207\/revisions"}],"predecessor-version":[{"id":319,"href":"https:\/\/fenixtraps.com\/esp\/wp-json\/wp\/v2\/pages\/207\/revisions\/319"}],"wp:attachment":[{"href":"https:\/\/fenixtraps.com\/esp\/wp-json\/wp\/v2\/media?parent=207"}],"curies":[{"name":"wp","href":"https:\/\/api.w.org\/{rel}","templated":true}]}}